{"id":3,"date":"2023-11-30T16:21:08","date_gmt":"2023-11-30T08:21:08","guid":{"rendered":"https:\/\/papayawhip-goldfinch-708951.hostingersite.com\/?page_id=3"},"modified":"2023-12-02T15:21:11","modified_gmt":"2023-12-02T07:21:11","slug":"privatsphare","status":"publish","type":"page","link":"https:\/\/www.cmasmachinery.com\/de\/privatsphare\/","title":{"rendered":"Privatsph\u00e4re"},"content":{"rendered":"<p>Der Datenschutz und die Sicherheit Ihrer Daten sind uns sehr wichtig.<br>Bitte sehen Sie sich die vollst\u00e4ndige Datenschutzerkl\u00e4rung unten an, um mehr zu erfahren.<br>Einf\u00fchrung<br>Diese Datenschutzerkl\u00e4rung erl\u00e4utert, wie unser Unternehmen und seine verbundenen Unternehmen Ihre Daten erfassen und verwenden. Sie gilt f\u00fcr alle Besucher und Nutzer unserer Website, unserer Unternehmens- und Online-Dienste sowie der Websites und Online-Dienste unserer Mitglieder (zusammenfassend als \u201cWebsites\u201d bezeichnet). Verbundene Unternehmen sind Unternehmen, die direkt oder indirekt zu unserem Unternehmen geh\u00f6ren oder von unserem Unternehmen kontrolliert oder gemeinsam kontrolliert werden. Die Begriffe \u201cBasic Health\u201d, \u201cwir\u201d, \u201cunser\u201d oder \u201cuns\u201d in dieser Datenschutzerkl\u00e4rung beziehen sich auf die Stelle, die f\u00fcr die Erfassung und Nutzung Ihrer personenbezogenen Daten verantwortlich ist, in der Regel die Stelle, die Ihre personenbezogenen Daten im jeweiligen Fall erh\u00e4lt. Diese Stelle wird auch als Datenverantwortlicher bezeichnet. Diese Datenschutzerkl\u00e4rung gilt nicht f\u00fcr die von unserem Unternehmen oder unseren verbundenen Unternehmen betriebenen Websites und Online-Dienste. Diese Websites und Online-Dienste haben separate Datenschutzerkl\u00e4rungen und sind nicht mit dieser Datenschutzerkl\u00e4rung verkn\u00fcpft oder durch Verweis einbezogen. F\u00fcr andere Bereiche unserer Website, wie z. B. passwortgesch\u00fctzte Bereiche oder Webseiten f\u00fcr die Online-Rekrutierung, k\u00f6nnen ebenfalls abweichende Datenschutzerkl\u00e4rungen gelten. Unsere Datenschutzerkl\u00e4rung gilt ausschlie\u00dflich f\u00fcr Aktivit\u00e4ten auf dieser Website und nicht f\u00fcr Aktivit\u00e4ten, die \u201coffline\u201d oder nicht mit dieser Website in Zusammenhang stehen. Diese Datenschutzerkl\u00e4rung ist Bestandteil unserer Allgemeinen Gesch\u00e4ftsbedingungen und gilt auch f\u00fcr die Nutzung unserer Website. Indem Sie diese Website nutzen und Ihre personenbezogenen Daten und andere Informationen \u00fcber diese Website \u00fcbermitteln, erkl\u00e4ren Sie sich damit einverstanden, dass Ihre personenbezogenen Daten gem\u00e4\u00df dieser Datenschutzerkl\u00e4rung verarbeitet werden. Sollten Sie mit den in dieser Datenschutzerkl\u00e4rung beschriebenen Praktiken nicht einverstanden sein, \u00fcbermitteln Sie uns bitte keine personenbezogenen Daten und interagieren Sie nicht auf andere Weise mit der Website. Wir behalten uns das Recht vor, diese Datenschutzerkl\u00e4rung jederzeit zu \u00e4ndern. Wesentliche \u00c4nderungen werden wir auf dieser Website bekanntgeben, bevor sie in Kraft treten. Das Datum der letzten Aktualisierung dieser Datenschutzerkl\u00e4rung finden Sie oben unter \u201cLetzte Aktualisierung\u201d. Sie k\u00f6nnen die aktuelle Version dieser Datenschutzerkl\u00e4rung hier einsehen. Wir empfehlen Ihnen, die Datenschutzerkl\u00e4rung regelm\u00e4\u00dfig auf \u00c4nderungen zu \u00fcberpr\u00fcfen.<br>\u00a0<br>Welche personenbezogenen Daten erfassen wir \u00fcber Sie?<br>Personenbezogene Daten, die in dieser Datenschutzrichtlinie verwendet werden, beziehen sich auf alle Informationen, die sich auf eine identifizierte oder identifizierbare Person beziehen oder in den geltenden Gesetzen definiert sind. Wenn Sie unsere Website besuchen und freiwillig mit ihr interagieren, erheben wir die folgenden personenbezogenen Daten:<br>Ihr Vor- und Nachname;<br>Name der Firma;<br>Internet Protocol (IP)-Adresse;<br>Kontaktinformationen (zum Beispiel Telefonnummer, E-Mail-Adresse);<br>oder andere Informationen, die Sie freiwillig zur Verf\u00fcgung stellen.<br>\u00a0<br>Wann erheben wir personenbezogene Daten \u00fcber Sie?<br>Sofern Sie sich nicht freiwillig f\u00fcr die Offenlegung dieser Informationen entscheiden, erhebt unser Unternehmen \u00fcber diese Website keine personenbezogenen Daten von Ihnen. Wir k\u00f6nnen Sie zu verschiedenen Zeitpunkten und an verschiedenen Stellen auf der Website um die Angabe bestimmter personenbezogener Daten bitten. Wenn Sie sich entscheiden, uns die angeforderten personenbezogenen Daten nicht zur Verf\u00fcgung zu stellen, kann es in einigen F\u00e4llen dazu kommen, dass Sie nicht auf den gesamten Inhalt dieser Website zugreifen oder nicht alle Funktionen nutzen k\u00f6nnen. Beispielsweise k\u00f6nnen wir personenbezogene Daten von Ihnen erfassen, wenn Sie die folgenden Aktionen durchf\u00fchren:<br>Kaufen Sie Produkte von unserem Unternehmen \u00fcber unsere Website;<br>\u00d6ffnen Sie unsere E-Mail oder antworten Sie darauf.<br>Wenn Sie uns im Rahmen von Kundenumfragen freiwillig Informationen zur Verf\u00fcgung stellen, k\u00f6nnen wir diese mit den personenbezogenen Daten verkn\u00fcpfen, die wir zuvor \u00fcber Sie erfasst haben;<br>Wenden Sie sich an den Kundenservice, nutzen Sie unsere \u201cConnect\u201d-Funktion, um mit unseren Unternehmensvertretern zu sprechen, oder verwenden Sie unsere Kundensupport-Tools;<br>Verbinden, verlinken oder \u201cteilen\u201d Sie unsere Website \u00fcber soziale Netzwerke;<br>Wenn Sie uns personenbezogene Daten eines Dritten zur Verf\u00fcgung stellen, bedeutet dies, dass Sie dem Dritten eine Mitteilung gemacht haben und von dem Dritten autorisiert wurden, diese Informationen bereitzustellen.<br>\u00a0<br>Wie verwenden wir personenbezogene Daten?<br>Unser Unternehmen nutzt die von uns erhobenen personenbezogenen Daten, um Ihnen Dienstleistungen zu erbringen oder mit Ihnen einen Vertragsvertrag abzuschlie\u00dfen, wenn Sie unsere Website besuchen. Das beinhaltet:<br>Erstellen Sie f\u00fcr Sie ein Online-Website-Konto entsprechend Ihren Anforderungen;<br>Bereitstellung von Kundenservice (z. B. Beantwortung Ihrer Fragen oder Beantwortung von Anfragen);<br>Ihnen Erinnerungen, Updates, Support, Managementnachrichten, Serviceank\u00fcndigungen und angeforderte Informationen zu senden;<br>Wir werden personenbezogene Daten, die von Dritten oder von uns erhoben werden, aus legitimen Gesch\u00e4ftsgr\u00fcnden verwenden, sofern die Daten mit Ihren Rechten und Erwartungen an den Datenschutz vereinbar sind. Das beinhaltet:<br>Betreiben, pflegen und verbessern dieser Website, unserer Dienstleistungen und unserer Produkte;<br>F\u00fchren Sie Analysen durch und f\u00fchren Sie Kundenrecherchen durch.<br>\u00dcberpr\u00fcfen Sie Ihre F\u00e4higkeit, auf bestimmte Produkte oder Dienstleistungen zuzugreifen oder diese zu nutzen, die nur Personen zur Verf\u00fcgung stehen, die bestimmte Qualifikationsanforderungen oder -standards erf\u00fcllen, wie z. B. medizinisches Fachpersonal;<br>Erm\u00f6glichen Ihnen die Interaktion mit bestimmten Drittanbietern von Inhaltsdiensten (z. B. um es Ihnen zu erm\u00f6glichen, auf dieser Website auf Websites Dritter zu verlinken oder diese anzuzeigen oder unsere Inhalte auf Websites Dritter anzuzeigen);<br>Erm\u00f6glichen Ihnen die Teilnahme an den interaktiven Funktionen unserer Website;<br>Verwalten Sie Online-Umfragen oder Sonderangebote, die von uns oder unseren externen Gesch\u00e4ftspartnern bereitgestellt werden.<br>Verbessern Sie unsere Website, unseren Kundenservice, unsere Produkte und Dienstleistungen sowie das allgemeine Benutzererlebnis.<br>Erweitern Sie andere Informationen, die wir \u00fcber Sie haben, damit wir Sie besser verstehen und Ihre Interessen ermitteln k\u00f6nnen.<br>Ermittlung Ihrer Pr\u00e4ferenzen, damit wir Sie \u00fcber neue Produkte oder andere Produkte, Dienstleistungen und Werbeaktionen informieren k\u00f6nnen, die f\u00fcr Sie von Interesse sein k\u00f6nnten;<br>Unser Unternehmen verf\u00fcgt au\u00dferdem \u00fcber eine Rechtsgrundlage f\u00fcr die Verwendung Ihrer personenbezogenen Daten:<br>Um Betrug zu verhindern, die \u00f6ffentliche Sicherheit zu gew\u00e4hrleisten und die Meldepflichten und Gesch\u00e4ftsbedingungen unseres Unternehmens durchzusetzen sowie Gesetze, Vorschriften, Gerichtsbeschl\u00fcsse, Vorladungen oder andere rechtliche Verfahren einzuhalten.<br>Soweit gesetzlich vorgeschrieben, k\u00f6nnen wir die gem\u00e4\u00df dieser Datenschutzrichtlinie gesammelten Informationen mit Ihrer ausdr\u00fccklichen Einwilligung auch dazu verwenden, Ihnen Waren oder Dienstleistungen anzubieten, von denen wir glauben, dass sie f\u00fcr Sie von Interesse sein k\u00f6nnten.<br>\u00a0<br>Wie gehe ich mit sensiblen personenbezogenen Daten um?<br>Die in der Datenschutzerkl\u00e4rung verwendeten sensiblen personenbezogenen Daten (auch \u201cbesondere Kategorien personenbezogener Daten\u201d genannt) umfassen Daten \u00fcber Ihre ethnische Herkunft, politische Meinungen, Religion oder Weltanschauung, Gesundheit, genetische oder biologische Merkmale, Ihr Sexualleben oder Ihre sexuelle Orientierung. Informationen \u00fcber Ihre sexuelle Orientierung, Vorstrafen oder Gewerkschaftszugeh\u00f6rigkeit fallen ebenfalls darunter. Unser Unternehmen erhebt sensible personenbezogene Daten nur in den folgenden begrenzten F\u00e4llen:<br>Mit Ihrer ausdr\u00fccklichen Zustimmung;<br>Sch\u00fctzen Sie die lebenswichtigen Interessen von Ihnen oder anderen, wenn Sie sich physisch oder rechtlich nicht einigen k\u00f6nnen;<br>Wenn eine Behandlung zu pr\u00e4ventiven oder arbeitsmedizinischen Zwecken erforderlich ist, Gesundheits- oder Sozialf\u00fcrsorge oder -behandlung bereitzustellen oder Gesundheits- oder Sozialf\u00fcrsorgesysteme und -dienste im Einklang mit den Rechtsvorschriften der Union oder der Mitgliedstaaten oder im Einklang mit Vertr\u00e4gen mit Angeh\u00f6rigen der Gesundheitsberufe zu verwalten; oder zur Geltendmachung, Aus\u00fcbung oder Verteidigung von Rechtsanspr\u00fcchen verwendet werden, oder soweit dies nach geltendem Recht zul\u00e4ssig und erforderlich ist.<br>Sofern die geltenden Gesetze nichts anderes vorschreiben, m\u00fcssen Sie uns bei der Nutzung unserer Website keine sensiblen personenbezogenen Daten mitteilen. Wenn Sie sich dagegen entscheiden, hindert Sie Ihre Entscheidung nicht daran, unsere Website zu nutzen.<br>\u00a0<br>Welche anderen Informationen sammeln wir?<br>Wie viele andere Websites nutzen wir m\u00f6glicherweise automatische Erfassungstechnologien, um bestimmte Informationen \u00fcber Ihr Ger\u00e4t, Browsing-Vorg\u00e4nge und Muster zu erfassen, wenn Sie auf unserer Website surfen und mit ihr interagieren, darunter:<br>Die Details Ihres Besuchs auf unserer Website, einschlie\u00dflich der Ressourcen, die Sie auf unserer Website besuchen und nutzen, Verkehrsdaten, Standortdaten, Protokolle, Sprache;<br>Datum und Uhrzeit des Zugriffs, H\u00e4ufigkeit und andere Kommunikationsdaten;<br>Informationen \u00fcber den Computer und die Internetverbindung, einschlie\u00dflich Betriebssystem, Hostdom\u00e4ne und Browsertyp (z. B. Internet Explorer); oder<br>Details zur empfohlenen Website (URL).<br>Bei den von uns automatisch erfassten Informationen handelt es sich um statistische Daten, die uns dabei helfen k\u00f6nnen, unsere Website zu verbessern und bessere und personalisiertere Dienste bereitzustellen, einschlie\u00dflich der M\u00f6glichkeit:<br>Bestimmen Sie Website-Verkehrsmuster;<br>Z\u00e4hlen Sie die Anzahl der Besuche vor Ort;<br>Identifizieren Sie die Verkehrsquelle, damit wir die Leistung der Website messen und verbessern k\u00f6nnen;<br>Solche Informationen an Dritte weitergeben oder verkaufen;<br>Helfen Sie uns zu verstehen, welche Seiten und Inhalte am beliebtesten und am wenigsten beliebt sind. Und<br>Bestimmen Sie die H\u00e4ufigkeit und das letzte Datum Ihres Besuchs auf unserer Website.<br>\u00a0<br>Cookies und andere Technologien<br>Wenn Sie unsere Website besuchen oder mit unseren E-Mails interagieren, verwenden wir Cookies, Web Beacons\/Pixel-Tags und andere Technologien (zusammenfassend als \u201cCookies\u201d bezeichnet), um Sie zu identifizieren. \u201cCookies\u201d sind kleine Datens\u00e4tze, die basierend auf Ihrer Internetaktivit\u00e4t auf Ihrem Computer zwischengespeichert oder gespeichert werden. Diese Cookies k\u00f6nnen von Erstanbietern oder Drittanbietern stammen. Wir erfassen beispielsweise Informationen \u00fcber Ihren Browsertyp und Ihre Browserversion, Ihr Betriebssystem, Ihre Benutzersprache, Ihren Internetanbieter, die von Ihnen aufgerufenen Webseiten, die angeklickten Links, Ihre IP-Adresse, ob ein Flash-Plugin installiert ist, Ihre Bildschirmaufl\u00f6sung und Ihre Verbindungsinformationen. Wir erfassen au\u00dferdem die Art der Websites, die Sie vor und nach dem Besuch unserer Website besucht haben, detaillierte Informationen zu den gekauften Artikeln sowie E-Mails, die Sie senden, weiterleiten oder \u00fcber die Sie auf unsere Website gelangen. Durch die Erfassung dieser Informationen k\u00f6nnen wir besser verstehen, wie Sie mit unserer Website interagieren; Ihnen durch die Speicherung Ihrer Pr\u00e4ferenzen ein personalisierteres und optimiertes Online-Erlebnis bieten; unsere Website verbessern; Vertr\u00e4ge mit unseren Gesch\u00e4ftspartnern erf\u00fcllen; den Empfang unserer E-Mails best\u00e4tigen und beantworten; und einen effektiveren Kundenservice bieten. Weitere Informationen zu den von uns verwendeten Cookies und deren Deaktivierung finden Sie in unserer Cookie-Richtlinie und in Abschnitt 9 weiter unten. Social-Media-Plugins. Unsere Website verwendet sogenannte Social-Media-Plugins (\u201cPlugins\u201d) der sozialen Netzwerke Facebook, Twitter und LinkedIn. Diese Plugins sind an den jeweiligen Logos der sozialen Netzwerke erkennbar. Beim Besuch unserer Website stellt Ihr Browser eine direkte Verbindung zu den Servern dieser sozialen Netzwerke her. Das soziale Netzwerk \u00fcbermittelt den Inhalt des Plugins direkt an Ihren Browser und bindet ihn anschlie\u00dfend in die Website ein. Durch die Einbindung der Plugins erhalten die sozialen Netzwerke Informationen dar\u00fcber, welche Seiten unserer Website Sie aufgerufen haben. Wenn Sie sich beispielsweise mit Facebook anmelden, kann Ihr Besuch Ihrem Konto zugeordnet werden. Beim Besuch unserer Website werden diese Informationen bereits ausgetauscht, unabh\u00e4ngig davon, ob Sie mit dem Plugin interagieren oder nicht. Interagieren Sie mit dem Plugin, werden die entsprechenden Informationen direkt \u00fcber Ihren Browser an Facebook gesendet und dort gespeichert. Informationen zur Datennutzung durch die sozialen Netzwerke sowie zu Ihren Rechten und Einstellungsm\u00f6glichkeiten zum Schutz Ihrer Privatsph\u00e4re finden Sie auf den jeweiligen Websites der sozialen Netzwerke. Wenn Sie nicht m\u00f6chten, dass soziale Netzwerke \u00fcber unsere Website Daten \u00fcber Sie sammeln, m\u00fcssen Sie sich vor dem Besuch unserer Website bei dem jeweiligen sozialen Netzwerk anmelden. Um den Informationsaustausch mit sozialen Netzwerken w\u00e4hrend Ihres Besuchs auf unserer Website zu verhindern, k\u00f6nnen Sie Cookies \u00fcber Ihre Browsereinstellungen und andere Tools deaktivieren.<br>\u00a0<br>Wie teilen wir Informationen?<br>Unser Unternehmen verpflichtet sich, Ihre personenbezogenen Daten vertraulich zu behandeln. Sofern in dieser Datenschutzrichtlinie nichts anderes bestimmt ist, werden wir Ihre auf der Website erfassten personenbezogenen Daten nicht an Dritte verkaufen, handeln oder vermieten. Wir k\u00f6nnen Ihre personenbezogenen Daten gem\u00e4\u00df den folgenden gesetzlichen Anforderungen oder Genehmigungen weitergeben:<br>Im t\u00e4glichen Gesch\u00e4ftsprozess, egal\u00a0<strong>Xiangjue Construction Machinery Co.Ltd.<\/strong>\u00a0Das verbundene Unternehmen darf Ihre personenbezogenen Daten nur f\u00fcr die in dieser Datenschutzrichtlinie beschriebenen Zwecke verwenden (z. B. um Ihre Anfragen zu unseren Produkten und Dienstleistungen zu beantworten);<br>Mit Auftragnehmern, Verk\u00e4ufern und Lieferanten, die in unserem Namen Dienstleistungen f\u00fcr uns erbringen, beispielsweise die Bearbeitung und Erf\u00fcllung von Bestellungen; Datenanalyse und -speicherung; Unterst\u00fctzung beim Direktmarketing und Vertrieb von E-Mails und anderen Mitteilungen; Dienstleistungen zur Betrugspr\u00e4vention; Lieferung und Logistik; und Vervollst\u00e4ndigen Sie andere Zwecke der oben genannten Sammlung;<br>Wenn wir oder eines unserer verbundenen Unternehmen Insolvenz anmelden oder Eigentums\u00fcbertragungen (oder Verm\u00f6gens\u00fcbertragungen) im Zusammenhang mit der geplanten oder vollst\u00e4ndigen Unternehmensumstrukturierung eines unserer verbundenen Unternehmen beantragen, wie z. B. tats\u00e4chliche oder potenzielle Fusionen, \u00dcbernahmen oder Verk\u00e4ufe von Gesch\u00e4ftseinheiten;<br>Befolgen Sie gesetzliche Vorschriften und beh\u00f6rdliche Anforderungen oder unterst\u00fctzen Sie bei Bedarf Pr\u00fcfungs-, Compliance- und Corporate-Governance-Funktionen.<br>Zur Bek\u00e4mpfung von Betrug oder kriminellen Aktivit\u00e4ten und zum Schutz der Rechte von uns oder unseren verbundenen Unternehmen, Benutzern und Gesch\u00e4ftspartnern oder im Rahmen rechtlicher Verfahren, die unser Unternehmen betreffen, einschlie\u00dflich der Durchsetzung unserer Gesch\u00e4ftsbedingungen.<\/p>","protected":false},"excerpt":{"rendered":"<p>The privacy and security of your information is very important to us.Please view the full privacy policy below to learn more.IntroductionThis privacy policy explains how our company and its affiliates collect and use your information. Our privacy policy applies to all people who visit and use our website, our company and online services, and the [&hellip;]<\/p>","protected":false},"author":1,"featured_media":0,"parent":0,"menu_order":0,"comment_status":"closed","ping_status":"open","template":"page\/privacy.php","meta":{"footnotes":""},"class_list":["post-3","page","type-page","status-publish","hentry"],"_links":{"self":[{"href":"https:\/\/www.cmasmachinery.com\/de\/wp-json\/wp\/v2\/pages\/3","targetHints":{"allow":["GET"]}}],"collection":[{"href":"https:\/\/www.cmasmachinery.com\/de\/wp-json\/wp\/v2\/pages"}],"about":[{"href":"https:\/\/www.cmasmachinery.com\/de\/wp-json\/wp\/v2\/types\/page"}],"author":[{"embeddable":true,"href":"https:\/\/www.cmasmachinery.com\/de\/wp-json\/wp\/v2\/users\/1"}],"replies":[{"embeddable":true,"href":"https:\/\/www.cmasmachinery.com\/de\/wp-json\/wp\/v2\/comments?post=3"}],"version-history":[{"count":3,"href":"https:\/\/www.cmasmachinery.com\/de\/wp-json\/wp\/v2\/pages\/3\/revisions"}],"predecessor-version":[{"id":158,"href":"https:\/\/www.cmasmachinery.com\/de\/wp-json\/wp\/v2\/pages\/3\/revisions\/158"}],"wp:attachment":[{"href":"https:\/\/www.cmasmachinery.com\/de\/wp-json\/wp\/v2\/media?parent=3"}],"curies":[{"name":"wp","href":"https:\/\/api.w.org\/{rel}","templated":true}]}}