{"id":3,"date":"2023-11-30T16:21:08","date_gmt":"2023-11-30T08:21:08","guid":{"rendered":"https:\/\/papayawhip-goldfinch-708951.hostingersite.com\/?page_id=3"},"modified":"2023-12-02T15:21:11","modified_gmt":"2023-12-02T07:21:11","slug":"confidentialite","status":"publish","type":"page","link":"https:\/\/www.cmasmachinery.com\/fr\/confidentialite\/","title":{"rendered":"Confidentialit\u00e9"},"content":{"rendered":"<p>La confidentialit\u00e9 et la s\u00e9curit\u00e9 de vos informations sont tr\u00e8s importantes pour nous.<br>Veuillez consulter la politique de confidentialit\u00e9 compl\u00e8te ci-dessous pour en savoir plus.<br>Introduction<br>La pr\u00e9sente politique de confidentialit\u00e9 explique comment notre soci\u00e9t\u00e9 et ses filiales collectent et utilisent vos informations. Elle s&#039;applique \u00e0 toute personne visitant et utilisant notre site web, nos services en ligne et ceux de nos membres (collectivement d\u00e9sign\u00e9s par le terme \u201c\u00a0sites\u00a0\u201d). Les soci\u00e9t\u00e9s affili\u00e9es sont des entit\u00e9s d\u00e9tenues directement ou indirectement par notre soci\u00e9t\u00e9, ou contr\u00f4l\u00e9es ou cocontr\u00f4l\u00e9es par elle. Dans la pr\u00e9sente politique de confidentialit\u00e9, les termes \u201c\u00a0Basic Health\u00a0\u201d, \u201c\u00a0nous\u00a0\u201d, \u201c\u00a0notre\u00a0\u201d ou \u201c\u00a0nos\u00a0\u201d d\u00e9signent l&#039;entit\u00e9 responsable de la collecte et de l&#039;utilisation de vos donn\u00e9es personnelles, g\u00e9n\u00e9ralement celle qui les obtient. Cette entit\u00e9 est \u00e9galement appel\u00e9e le responsable du traitement des donn\u00e9es. La pr\u00e9sente politique de confidentialit\u00e9 ne couvre pas les sites web et services en ligne exploit\u00e9s par notre soci\u00e9t\u00e9 ou nos soci\u00e9t\u00e9s affili\u00e9es. Ces sites web et services en ligne disposent de politiques de confidentialit\u00e9 distinctes et ne sont ni li\u00e9s \u00e0 la pr\u00e9sente politique ni int\u00e9gr\u00e9s par r\u00e9f\u00e9rence. D&#039;autres politiques de confidentialit\u00e9 peuvent \u00e9galement s&#039;appliquer \u00e0 certaines parties de notre site web, telles que les zones prot\u00e9g\u00e9es par mot de passe ou les pages web utilis\u00e9es pour le recrutement en ligne. Notre politique de confidentialit\u00e9 s&#039;applique uniquement aux activit\u00e9s que nous menons sur ce site web et non aux activit\u00e9s hors ligne ou sans lien avec ce site. Cette politique de confidentialit\u00e9 est int\u00e9gr\u00e9e \u00e0 nos conditions g\u00e9n\u00e9rales d&#039;utilisation et s&#039;applique \u00e9galement lorsque vous utilisez notre site web. En utilisant ce site web et en fournissant vos donn\u00e9es personnelles et autres informations par son interm\u00e9diaire, vous reconnaissez que vos donn\u00e9es personnelles seront trait\u00e9es conform\u00e9ment aux termes de cette politique de confidentialit\u00e9. Si vous n&#039;acceptez pas les pratiques d\u00e9crites dans cette politique de confidentialit\u00e9, veuillez ne pas nous fournir vos donn\u00e9es personnelles ni interagir avec le site web de quelque mani\u00e8re que ce soit. Nous nous r\u00e9servons le droit de modifier cette politique de confidentialit\u00e9 \u00e0 tout moment. En cas de modifications importantes, nous publierons un avis sur ce site web avant leur entr\u00e9e en vigueur. Vous pouvez consulter la date de la derni\u00e8re mise \u00e0 jour de cette politique de confidentialit\u00e9 en vous r\u00e9f\u00e9rant \u00e0 la mention \u201c\u00a0Derni\u00e8re mise \u00e0 jour\u00a0\u201d ci-dessus. Vous pouvez consulter la version la plus r\u00e9cente de cette politique de confidentialit\u00e9. Nous vous recommandons de consulter r\u00e9guli\u00e8rement cette politique de confidentialit\u00e9 afin de prendre connaissance des \u00e9ventuelles modifications.<br>\u00a0<br>Quelles donn\u00e9es personnelles collectons-nous \u00e0 votre sujet ?<br>Les donn\u00e9es personnelles utilis\u00e9es dans cette politique de confidentialit\u00e9 font r\u00e9f\u00e9rence \u00e0 toute information relative \u00e0 une personne identifi\u00e9e ou identifiable, ou telle que d\u00e9finie par les lois applicables. Lorsque vous visitez notre site Web et interagissez volontairement avec celui-ci, nous collectons les donn\u00e9es personnelles suivantes :<br>Votre nom et pr\u00e9nom ;<br>Nom de l&#039;entreprise;<br>Adresse de protocole Internet (IP)\u00a0;<br>Informations de contact (par exemple, num\u00e9ro de t\u00e9l\u00e9phone, adresse e-mail)\u00a0;<br>ou, d&#039;autres informations que vous fournissez volontairement.<br>\u00a0<br>Quand collectons-nous des donn\u00e9es personnelles vous concernant ?<br>\u00c0 moins que vous ne choisissiez volontairement de divulguer ces informations, notre soci\u00e9t\u00e9 ne collectera aucune donn\u00e9e personnelle vous concernant via ce site Web. Nous pouvons vous demander de fournir certaines donn\u00e9es personnelles \u00e0 diff\u00e9rents moments et endroits sur le site Internet. Dans certains cas, si vous choisissez de ne pas nous fournir les donn\u00e9es personnelles demand\u00e9es, vous ne pourrez peut-\u00eatre pas acc\u00e9der \u00e0 tout le contenu de ce site Web ni participer \u00e0 toutes ses fonctions. Par exemple, nous pouvons collecter des donn\u00e9es personnelles vous concernant lorsque vous effectuez les actions suivantes\u00a0:<br>Achetez des produits de notre entreprise via notre site Web\u00a0;<br>Ouvrez ou r\u00e9pondez \u00e0 notre e-mail\u00a0;<br>Lorsque vous nous fournissez volontairement des informations par le biais d&#039;enqu\u00eates aupr\u00e8s des clients, nous pouvons les relier aux donn\u00e9es personnelles que nous avons pr\u00e9c\u00e9demment collect\u00e9es \u00e0 votre sujet\u00a0;<br>Contactez le service client, utilisez notre fonction \u201c\u00a0connexion\u00a0\u201d pour parler \u00e0 nos repr\u00e9sentants ou utilisez nos outils d\u2019assistance client\u00a0;<br>Connectez-vous, liez ou \u201c partagez \u201d notre site web via les r\u00e9seaux sociaux\u00a0;<br>Si vous nous fournissez les donn\u00e9es personnelles d&#039;un tiers, cela signifie que vous avez inform\u00e9 le tiers et que vous avez \u00e9t\u00e9 autoris\u00e9 par ce tiers \u00e0 fournir ces informations.<br>\u00a0<br>Comment utilisons-nous les donn\u00e9es personnelles ?<br>Notre soci\u00e9t\u00e9 utilise les donn\u00e9es personnelles que nous collectons pour vous fournir des services ou conclure un accord contractuel avec vous lorsque vous visitez notre site Web. Ceci comprend:<br>Cr\u00e9ez un compte de site Web en ligne pour vous selon vos besoins\u00a0;<br>Assurer le service \u00e0 la client\u00e8le (par exemple, r\u00e9pondre \u00e0 vos questions ou r\u00e9pondre aux demandes) ;<br>Vous envoyer des rappels, des mises \u00e0 jour, de l&#039;assistance, des messages de gestion, des annonces de service et des informations demand\u00e9es\u00a0;<br>Nous utiliserons les donn\u00e9es personnelles recherch\u00e9es par un tiers ou par nous pour des raisons commerciales l\u00e9gitimes, \u00e0 condition que les donn\u00e9es soient compatibles avec vos droits et attentes en mati\u00e8re de confidentialit\u00e9. Ceci comprend:<br>Exploiter, maintenir et am\u00e9liorer ce site Web, nos services et nos produits\u00a0;<br>Effectuer des analyses et mener des recherches clients\u00a0;<br>V\u00e9rifier votre capacit\u00e9 \u00e0 acc\u00e9der ou \u00e0 utiliser certains produits ou services qui ne sont disponibles que pour les personnes r\u00e9pondant \u00e0 certaines exigences ou normes de qualification, telles que les professionnels de la sant\u00e9\u00a0;<br>Vous permettre d&#039;interagir avec certains fournisseurs de services de contenu tiers (par exemple, pour vous permettre de cr\u00e9er des liens vers ou de visualiser du contenu de sites Web tiers au sein de ce site Web, ou de visualiser notre contenu sur des sites Web tiers)\u00a0;<br>Vous permettre de choisir de participer aux fonctionnalit\u00e9s interactives de notre site Web\u00a0;<br>G\u00e9rer des enqu\u00eates en ligne ou des offres sp\u00e9ciales propos\u00e9es par nous ou par l&#039;interm\u00e9diaire de nos partenaires commerciaux tiers\u00a0;<br>Am\u00e9liorer notre site Web, notre service client, nos produits et services ainsi que l&#039;exp\u00e9rience utilisateur globale\u00a0;<br>Am\u00e9liorer les autres informations dont nous disposons sur vous pour nous aider \u00e0 mieux vous comprendre et \u00e0 d\u00e9terminer vos int\u00e9r\u00eats\u00a0;<br>D\u00e9terminer vos pr\u00e9f\u00e9rences afin que nous puissions vous informer des nouveaux produits ou autres produits, services et promotions susceptibles de vous int\u00e9resser\u00a0;<br>Notre soci\u00e9t\u00e9 dispose \u00e9galement d\u2019une base l\u00e9gale pour utiliser vos donn\u00e9es personnelles :<br>Pour pr\u00e9venir la fraude, assurer la s\u00e9curit\u00e9 publique et faire respecter les obligations et conditions g\u00e9n\u00e9rales de d\u00e9claration de notre entreprise, et nous conformer aux lois, r\u00e9glementations, ordonnances des tribunaux, assignations \u00e0 compara\u00eetre ou autres proc\u00e9dures l\u00e9gales.<br>Lorsque la loi l&#039;exige, nous pouvons \u00e9galement utiliser les informations collect\u00e9es conform\u00e9ment \u00e0 la pr\u00e9sente politique de confidentialit\u00e9 avec votre consentement explicite pour vous fournir des biens ou des services que nous pensons susceptibles de vous int\u00e9resser.<br>\u00a0<br>Comment g\u00e9rer les donn\u00e9es personnelles sensibles ?<br>Les donn\u00e9es personnelles sensibles utilis\u00e9es dans la pr\u00e9sente politique de confidentialit\u00e9 (\u00e9galement appel\u00e9es \u201c\u00a0cat\u00e9gories particuli\u00e8res de donn\u00e9es personnelles\u00a0\u201d) d\u00e9signent les donn\u00e9es relatives \u00e0 votre origine raciale ou ethnique, vos opinions politiques, votre religion ou autres convictions, votre sant\u00e9, vos caract\u00e9ristiques g\u00e9n\u00e9tiques ou biologiques, votre vie sexuelle ou votre orientation sexuelle. Sont \u00e9galement concern\u00e9es les informations relatives \u00e0 votre orientation sexuelle, vos ant\u00e9c\u00e9dents judiciaires ou votre appartenance syndicale. Notre entreprise ne collecte de donn\u00e9es personnelles sensibles que dans les circonstances limit\u00e9es suivantes\u00a0:<br>Avec votre consentement explicite\u00a0;<br>Prot\u00e9ger vos int\u00e9r\u00eats vitaux ou ceux d\u2019autrui si vous ne pouvez pas vous mettre d\u2019accord physiquement ou l\u00e9galement\u00a0;<br>Si un traitement est n\u00e9cessaire \u00e0 des fins de pr\u00e9vention ou de m\u00e9decine du travail, fournir des soins ou des traitements sanitaires ou sociaux ou g\u00e9rer les syst\u00e8mes et services de sant\u00e9 ou de protection sociale conform\u00e9ment aux lois de l&#039;Union ou des \u00c9tats membres ou conform\u00e9ment aux contrats avec les professionnels de la sant\u00e9\u00a0; ou utilis\u00e9 pour \u00e9tablir, exercer ou d\u00e9fendre des r\u00e9clamations l\u00e9gales, ou dans la mesure permise et requise par les lois applicables.<br>Sauf disposition contraire des lois applicables, vous n\u2019avez pas besoin de nous fournir de donn\u00e9es personnelles sensibles lorsque vous utilisez notre site Web. Si vous choisissez de ne pas le faire, votre d\u00e9cision ne vous emp\u00eachera pas d\u2019utiliser notre site Internet.<br>\u00a0<br>Quelles autres informations collectons-nous ?<br>Comme beaucoup d&#039;autres sites Web, lorsque vous naviguez et interagissez avec notre site Web, nous pouvons utiliser une technologie de collecte automatique pour collecter certaines informations sur votre appareil, vos op\u00e9rations de navigation et vos habitudes, notamment\u00a0:<br>Les d\u00e9tails de votre visite sur notre site Web, y compris les ressources que vous visitez et utilisez sur notre site Web, les donn\u00e9es de trafic, les donn\u00e9es de localisation, les journaux, la langue\u00a0;<br>Date et heure d&#039;acc\u00e8s, fr\u00e9quence et autres donn\u00e9es de communication\u00a0;<br>Informations sur l&#039;ordinateur et la connexion Internet, y compris le syst\u00e8me d&#039;exploitation, le domaine h\u00f4te et le type de navigateur (tel qu&#039;Internet Explorer)\u00a0; ou<br>D\u00e9tails du site Web (URL) recommand\u00e9.<br>Les informations que nous collectons automatiquement sont des donn\u00e9es statistiques qui peuvent nous aider \u00e0 am\u00e9liorer notre site Web et \u00e0 fournir des services meilleurs et plus personnalis\u00e9s, nous permettant notamment de\u00a0:<br>D\u00e9terminer les mod\u00e8les de trafic sur le site Web\u00a0;<br>Compter le nombre de visites sur site\u00a0;<br>Identifier la source de trafic afin que nous puissions mesurer et am\u00e9liorer les performances du site Internet\u00a0;<br>Partager ou vendre ces informations \u00e0 des tiers\u00a0;<br>Aidez-nous \u00e0 comprendre quelles pages et quels contenus sont les plus populaires et les moins populaires\u00a0; et<br>D\u00e9terminez la fr\u00e9quence et la derni\u00e8re date de votre visite sur notre site Web.<br>\u00a0<br>Cookies et autres technologies<br>Lorsque vous visitez notre site web ou interagissez avec nos e-mails, nous utilisons des cookies, des balises web\/pixels invisibles et d&#039;autres technologies (collectivement appel\u00e9es \u201c\u00a0cookies\u00a0\u201d) pour vous identifier. Les \u201c\u00a0cookies\u00a0\u201d sont de petits fichiers de donn\u00e9es mis en cache ou stock\u00e9s sur votre ordinateur en fonction de votre activit\u00e9 sur Internet. Ces cookies peuvent \u00eatre internes ou tiers. Par exemple, nous pouvons collecter des informations sur le type et la version de votre navigateur, votre syst\u00e8me d&#039;exploitation, votre langue, votre fournisseur d&#039;acc\u00e8s \u00e0 Internet, les pages web consult\u00e9es, les liens cliqu\u00e9s, votre adresse IP, la pr\u00e9sence ou non du module Flash, la r\u00e9solution de votre \u00e9cran et les informations de connexion. Nous collectons \u00e9galement des informations sur les sites web visit\u00e9s avant et apr\u00e8s votre visite sur le n\u00f4tre, des informations d\u00e9taill\u00e9es sur les produits achet\u00e9s, ainsi que sur les e-mails que vous envoyez, transf\u00e9rez ou sur lesquels vous cliquez pour acc\u00e9der \u00e0 notre site. La collecte de ces informations nous permet de mieux comprendre votre interaction avec notre site web, de vous offrir une exp\u00e9rience en ligne plus personnalis\u00e9e et optimis\u00e9e en suivant vos pr\u00e9f\u00e9rences, d&#039;am\u00e9liorer notre site web, d&#039;ex\u00e9cuter nos contrats avec nos partenaires commerciaux, de confirmer la r\u00e9ception de nos e-mails et d&#039;y r\u00e9pondre, et de vous fournir un service client plus efficace. Pour plus d&#039;informations sur les cookies que nous collectons et comment les d\u00e9sactiver, veuillez consulter notre Politique relative aux cookies et la section 9 ci-dessous. Modules d&#039;extension de r\u00e9seaux sociaux. Notre site web utilise des modules d&#039;extension (\u201c\u00a0modules d&#039;extension\u00a0\u201d) des r\u00e9seaux sociaux Facebook, Twitter et LinkedIn. Ces modules sont identifi\u00e9s par les logos respectifs des r\u00e9seaux sociaux. Lorsque vous visitez notre site, votre navigateur \u00e9tablit une connexion directe avec les serveurs de ces r\u00e9seaux sociaux. Le r\u00e9seau social transf\u00e8re le contenu du module d&#039;extension directement \u00e0 votre navigateur, puis l&#039;int\u00e8gre \u00e0 notre site web. L&#039;int\u00e9gration de ces modules permet aux r\u00e9seaux sociaux de recevoir les informations que vous avez consult\u00e9es sur les pages correspondantes de notre site. Par exemple, si vous vous connectez via Facebook, votre visite pourra \u00eatre associ\u00e9e \u00e0 votre compte. Lorsque vous visitez notre site web, que vous interagissiez ou non avec le module d&#039;extension, ces informations sont d\u00e9j\u00e0 \u00e9chang\u00e9es. Si vous interagissez avec le module d&#039;extension, les informations correspondantes seront envoy\u00e9es directement \u00e0 Facebook via votre navigateur et y seront enregistr\u00e9es. Vous trouverez des informations sur la mani\u00e8re dont les r\u00e9seaux sociaux utilisent vos donn\u00e9es, ainsi que sur vos droits et les options de configuration disponibles sur les sites des r\u00e9seaux sociaux pour prot\u00e9ger votre vie priv\u00e9e. Si vous ne souhaitez pas que les r\u00e9seaux sociaux collectent des donn\u00e9es vous concernant via notre site web, vous devez vous connecter \u00e0 votre compte sur le r\u00e9seau social avant de consulter notre site. Pour emp\u00eacher tout \u00e9change d&#039;informations avec les r\u00e9seaux sociaux lors de votre visite, vous pouvez d\u00e9sactiver les cookies dans les param\u00e8tres de votre navigateur et \u00e0 l&#039;aide d&#039;autres outils.<br>\u00a0<br>Comment partageons-nous les informations ?<br>Notre soci\u00e9t\u00e9 s&#039;engage \u00e0 garder vos donn\u00e9es personnelles confidentielles. Sauf dans les cas pr\u00e9vus dans cette politique de confidentialit\u00e9, nous ne vendrons, n&#039;\u00e9changerons ni ne louerons vos donn\u00e9es personnelles collect\u00e9es sur le site Web \u00e0 des tiers. Nous pouvons partager vos donn\u00e9es personnelles conform\u00e9ment aux exigences l\u00e9gales ou autorisations suivantes\u00a0:<br>Dans le processus commercial quotidien, tout\u00a0<strong>Xiangjue Construction Machinery Co.Ltd.<\/strong>\u00a0la soci\u00e9t\u00e9 affili\u00e9e ne peut utiliser vos donn\u00e9es personnelles qu&#039;aux fins d\u00e9crites dans la pr\u00e9sente politique de confidentialit\u00e9 (par exemple, pour r\u00e9pondre \u00e0 vos demandes concernant nos produits et services) ;<br>Avec les sous-traitants, les vendeurs et les fournisseurs qui nous fournissent des services en notre nom, tels que le traitement et l&#039;ex\u00e9cution des commandes\u00a0; analyse et stockage de donn\u00e9es\u00a0; aider au marketing direct et \u00e0 la distribution de courriels et d&#039;autres communications\u00a0; services de pr\u00e9vention de la fraude; livraison et logistique; et Compl\u00e9ter d&#039;autres objectifs de la collection ci-dessus\u00a0;<br>Si nous ou l\u2019une de nos soci\u00e9t\u00e9s affili\u00e9es d\u00e9posons le bilan ou le transfert de propri\u00e9t\u00e9 (ou d\u2019actifs) li\u00e9 \u00e0 la r\u00e9organisation propos\u00e9e ou compl\u00e8te de l\u2019une de nos soci\u00e9t\u00e9s affili\u00e9es, telle que des fusions, acquisitions ou ventes d\u2019unit\u00e9s commerciales r\u00e9elles ou potentielles\u00a0;<br>Se conformer aux ordres juridiques et aux exigences gouvernementales, ou soutenir les fonctions d&#039;audit, de conformit\u00e9 et de gouvernance d&#039;entreprise selon les besoins\u00a0;<br>Pour lutter contre la fraude ou les activit\u00e9s criminelles et pour prot\u00e9ger nos droits ou ceux de nos soci\u00e9t\u00e9s affili\u00e9es, utilisateurs et partenaires commerciaux, ou dans le cadre de proc\u00e9dures juridiques affectant notre entreprise, y compris l&#039;application de nos conditions g\u00e9n\u00e9rales.<\/p>","protected":false},"excerpt":{"rendered":"<p>The privacy and security of your information is very important to us.Please view the full privacy policy below to learn more.IntroductionThis privacy policy explains how our company and its affiliates collect and use your information. Our privacy policy applies to all people who visit and use our website, our company and online services, and the [&hellip;]<\/p>","protected":false},"author":1,"featured_media":0,"parent":0,"menu_order":0,"comment_status":"closed","ping_status":"open","template":"page\/privacy.php","meta":{"footnotes":""},"class_list":["post-3","page","type-page","status-publish","hentry"],"_links":{"self":[{"href":"https:\/\/www.cmasmachinery.com\/fr\/wp-json\/wp\/v2\/pages\/3","targetHints":{"allow":["GET"]}}],"collection":[{"href":"https:\/\/www.cmasmachinery.com\/fr\/wp-json\/wp\/v2\/pages"}],"about":[{"href":"https:\/\/www.cmasmachinery.com\/fr\/wp-json\/wp\/v2\/types\/page"}],"author":[{"embeddable":true,"href":"https:\/\/www.cmasmachinery.com\/fr\/wp-json\/wp\/v2\/users\/1"}],"replies":[{"embeddable":true,"href":"https:\/\/www.cmasmachinery.com\/fr\/wp-json\/wp\/v2\/comments?post=3"}],"version-history":[{"count":3,"href":"https:\/\/www.cmasmachinery.com\/fr\/wp-json\/wp\/v2\/pages\/3\/revisions"}],"predecessor-version":[{"id":158,"href":"https:\/\/www.cmasmachinery.com\/fr\/wp-json\/wp\/v2\/pages\/3\/revisions\/158"}],"wp:attachment":[{"href":"https:\/\/www.cmasmachinery.com\/fr\/wp-json\/wp\/v2\/media?parent=3"}],"curies":[{"name":"wp","href":"https:\/\/api.w.org\/{rel}","templated":true}]}}